{"id":70,"date":"2020-03-02T19:13:58","date_gmt":"2020-03-02T19:13:58","guid":{"rendered":"https:\/\/kesset.com\/?page_id=70"},"modified":"2020-03-02T19:43:19","modified_gmt":"2020-03-02T19:43:19","slug":"historia","status":"publish","type":"page","link":"https:\/\/kesset.com\/?page_id=70","title":{"rendered":"Historia"},"content":{"rendered":"\n<figure class=\"wp-block-image size-large\"><img loading=\"lazy\" decoding=\"async\" width=\"530\" height=\"286\" src=\"https:\/\/kesset.com\/wp-content\/uploads\/2020\/03\/006.jpg\" alt=\"\" class=\"wp-image-71\" srcset=\"https:\/\/kesset.com\/wp-content\/uploads\/2020\/03\/006.jpg 530w, https:\/\/kesset.com\/wp-content\/uploads\/2020\/03\/006-300x162.jpg 300w\" sizes=\"auto, (max-width: 530px) 100vw, 530px\" \/><\/figure>\n\n\n\n<p>Toiminta Keski-Suomessa alkoi kun paikalliset jalkapalloerotuomarit alkoivat vihelt\u00e4\u00e4 salibandysarjoja joskus -90 luvun alussa. Keski-Suomen Erotuomarikerhon Salibandyjaos perustettiin toukokuun 20. p\u00e4iv\u00e4 1994. Silloin jaokseen kuului 13 erotuomaria jotka olivat joko pelaajia tai jalkapalloerotuomareita. Vuonna 2001 syyskuun ensimm\u00e4isen\u00e4 p\u00e4iv\u00e4n\u00e4 perustettiin salibandyerotuomareille oma kerho: Keski-Suomen Salibandyerotuomarit ry. (KeSSet) joka on py\u00f6ritt\u00e4nyt toimintaa Keskisess\u00e4 Suomessa aina t\u00e4h\u00e4n p\u00e4iv\u00e4\u00e4n saakka.<\/p>\n\n\n\n<p class=\"has-medium-font-size\">Kunniaj\u00e4senet<\/p>\n\n\n\n<p class=\"has-text-align-left\">Kunniaj\u00e4sen nro 1      Meskanen Pekka       My\u00f6nnetty 18.7.2006                             <br>Kunniaj\u00e4sen nro 2     M\u00e4cklin Jani               My\u00f6nnetty 2.11.2012                             <br>Kunniaj\u00e4sen nro 3     Autio Kari-Pekka      My\u00f6nnetty 2.11.2012                             <br>Kunniaj\u00e4sen nro 4     Lampinen Reijo         My\u00f6nnetty 2.11.2012                             <br>Kunniaj\u00e4sen nro 5     Oksanen Lauri            My\u00f6nnetty 2.11.2012                             <br>Kunniaj\u00e4sen nro 6     Lewis Andrew            My\u00f6nnetty 12.8.2017                             <\/p>\n","protected":false},"excerpt":{"rendered":"<p>Toiminta Keski-Suomessa alkoi kun paikalliset jalkapalloerotuomarit alkoivat vihelt\u00e4\u00e4 salibandysarjoja joskus -90 luvun alussa. Keski-Suomen Erotuomarikerhon Salibandyjaos perustettiin toukokuun 20. p\u00e4iv\u00e4 1994. Silloin jaokseen kuului 13 erotuomaria jotka olivat joko pelaajia tai jalkapalloerotuomareita. Vuonna 2001 syyskuun ensimm\u00e4isen\u00e4 p\u00e4iv\u00e4n\u00e4 perustettiin salibandyerotuomareille oma &hellip; <a href=\"https:\/\/kesset.com\/?page_id=70\">Lue loppuun <span class=\"meta-nav\">&rarr;<\/span><\/a><\/p>\n","protected":false},"author":2,"featured_media":0,"parent":0,"menu_order":0,"comment_status":"closed","ping_status":"closed","template":"","meta":{"footnotes":""},"class_list":["post-70","page","type-page","status-publish","hentry"],"yoast_head":"<!-- This site is optimized with the Yoast SEO plugin v27.6 - https:\/\/yoast.com\/product\/yoast-seo-wordpress\/ -->\n<title>Historia - Keski-Suomen Salibandyerotuomarit ry<\/title>\n<meta name=\"robots\" content=\"index, follow, max-snippet:-1, max-image-preview:large, max-video-preview:-1\" \/>\n<link rel=\"canonical\" href=\"https:\/\/kesset.com\/?page_id=70\" \/>\n<meta property=\"og:locale\" content=\"fi_FI\" \/>\n<meta property=\"og:type\" content=\"article\" \/>\n<meta property=\"og:title\" content=\"Historia - Keski-Suomen Salibandyerotuomarit ry\" \/>\n<meta property=\"og:description\" content=\"Toiminta Keski-Suomessa alkoi kun paikalliset jalkapalloerotuomarit alkoivat vihelt\u00e4\u00e4 salibandysarjoja joskus -90 luvun alussa. Keski-Suomen Erotuomarikerhon Salibandyjaos perustettiin toukokuun 20. p\u00e4iv\u00e4 1994. Silloin jaokseen kuului 13 erotuomaria jotka olivat joko pelaajia tai jalkapalloerotuomareita. Vuonna 2001 syyskuun ensimm\u00e4isen\u00e4 p\u00e4iv\u00e4n\u00e4 perustettiin salibandyerotuomareille oma &hellip; Lue loppuun &rarr;\" \/>\n<meta property=\"og:url\" content=\"https:\/\/kesset.com\/?page_id=70\" \/>\n<meta property=\"og:site_name\" content=\"Keski-Suomen Salibandyerotuomarit ry\" \/>\n<meta property=\"article:modified_time\" content=\"2020-03-02T19:43:19+00:00\" \/>\n<meta property=\"og:image\" content=\"https:\/\/kesset.com\/wp-content\/uploads\/2020\/03\/006.jpg\" \/>\n<meta name=\"twitter:card\" content=\"summary_large_image\" \/>\n<meta name=\"twitter:label1\" content=\"Arvioitu lukuaika\" \/>\n\t<meta name=\"twitter:data1\" content=\"1 minuutti\" \/>\n<script type=\"application\/ld+json\" class=\"yoast-schema-graph\">{\"@context\":\"https:\\\/\\\/schema.org\",\"@graph\":[{\"@type\":\"WebPage\",\"@id\":\"https:\\\/\\\/kesset.com\\\/?page_id=70\",\"url\":\"https:\\\/\\\/kesset.com\\\/?page_id=70\",\"name\":\"Historia - Keski-Suomen Salibandyerotuomarit ry\",\"isPartOf\":{\"@id\":\"https:\\\/\\\/kesset.com\\\/#website\"},\"primaryImageOfPage\":{\"@id\":\"https:\\\/\\\/kesset.com\\\/?page_id=70#primaryimage\"},\"image\":{\"@id\":\"https:\\\/\\\/kesset.com\\\/?page_id=70#primaryimage\"},\"thumbnailUrl\":\"https:\\\/\\\/kesset.com\\\/wp-content\\\/uploads\\\/2020\\\/03\\\/006.jpg\",\"datePublished\":\"2020-03-02T19:13:58+00:00\",\"dateModified\":\"2020-03-02T19:43:19+00:00\",\"breadcrumb\":{\"@id\":\"https:\\\/\\\/kesset.com\\\/?page_id=70#breadcrumb\"},\"inLanguage\":\"fi\",\"potentialAction\":[{\"@type\":\"ReadAction\",\"target\":[\"https:\\\/\\\/kesset.com\\\/?page_id=70\"]}]},{\"@type\":\"ImageObject\",\"inLanguage\":\"fi\",\"@id\":\"https:\\\/\\\/kesset.com\\\/?page_id=70#primaryimage\",\"url\":\"https:\\\/\\\/kesset.com\\\/wp-content\\\/uploads\\\/2020\\\/03\\\/006.jpg\",\"contentUrl\":\"https:\\\/\\\/kesset.com\\\/wp-content\\\/uploads\\\/2020\\\/03\\\/006.jpg\",\"width\":530,\"height\":286},{\"@type\":\"BreadcrumbList\",\"@id\":\"https:\\\/\\\/kesset.com\\\/?page_id=70#breadcrumb\",\"itemListElement\":[{\"@type\":\"ListItem\",\"position\":1,\"name\":\"Home\",\"item\":\"https:\\\/\\\/kesset.com\\\/\"},{\"@type\":\"ListItem\",\"position\":2,\"name\":\"Historia\"}]},{\"@type\":\"WebSite\",\"@id\":\"https:\\\/\\\/kesset.com\\\/#website\",\"url\":\"https:\\\/\\\/kesset.com\\\/\",\"name\":\"Keski-Suomen Salibandyerotuomarit ry\",\"description\":\"Erotuomaritoimintaa Suomessa ja ulkomailla\",\"potentialAction\":[{\"@type\":\"SearchAction\",\"target\":{\"@type\":\"EntryPoint\",\"urlTemplate\":\"https:\\\/\\\/kesset.com\\\/?s={search_term_string}\"},\"query-input\":{\"@type\":\"PropertyValueSpecification\",\"valueRequired\":true,\"valueName\":\"search_term_string\"}}],\"inLanguage\":\"fi\"}]}<\/script>\n<!-- \/ Yoast SEO plugin. -->","yoast_head_json":{"title":"Historia - Keski-Suomen Salibandyerotuomarit ry","robots":{"index":"index","follow":"follow","max-snippet":"max-snippet:-1","max-image-preview":"max-image-preview:large","max-video-preview":"max-video-preview:-1"},"canonical":"https:\/\/kesset.com\/?page_id=70","og_locale":"fi_FI","og_type":"article","og_title":"Historia - Keski-Suomen Salibandyerotuomarit ry","og_description":"Toiminta Keski-Suomessa alkoi kun paikalliset jalkapalloerotuomarit alkoivat vihelt\u00e4\u00e4 salibandysarjoja joskus -90 luvun alussa. Keski-Suomen Erotuomarikerhon Salibandyjaos perustettiin toukokuun 20. p\u00e4iv\u00e4 1994. Silloin jaokseen kuului 13 erotuomaria jotka olivat joko pelaajia tai jalkapalloerotuomareita. Vuonna 2001 syyskuun ensimm\u00e4isen\u00e4 p\u00e4iv\u00e4n\u00e4 perustettiin salibandyerotuomareille oma &hellip; Lue loppuun &rarr;","og_url":"https:\/\/kesset.com\/?page_id=70","og_site_name":"Keski-Suomen Salibandyerotuomarit ry","article_modified_time":"2020-03-02T19:43:19+00:00","og_image":[{"url":"https:\/\/kesset.com\/wp-content\/uploads\/2020\/03\/006.jpg","type":"","width":"","height":""}],"twitter_card":"summary_large_image","twitter_misc":{"Arvioitu lukuaika":"1 minuutti"},"schema":{"@context":"https:\/\/schema.org","@graph":[{"@type":"WebPage","@id":"https:\/\/kesset.com\/?page_id=70","url":"https:\/\/kesset.com\/?page_id=70","name":"Historia - Keski-Suomen Salibandyerotuomarit ry","isPartOf":{"@id":"https:\/\/kesset.com\/#website"},"primaryImageOfPage":{"@id":"https:\/\/kesset.com\/?page_id=70#primaryimage"},"image":{"@id":"https:\/\/kesset.com\/?page_id=70#primaryimage"},"thumbnailUrl":"https:\/\/kesset.com\/wp-content\/uploads\/2020\/03\/006.jpg","datePublished":"2020-03-02T19:13:58+00:00","dateModified":"2020-03-02T19:43:19+00:00","breadcrumb":{"@id":"https:\/\/kesset.com\/?page_id=70#breadcrumb"},"inLanguage":"fi","potentialAction":[{"@type":"ReadAction","target":["https:\/\/kesset.com\/?page_id=70"]}]},{"@type":"ImageObject","inLanguage":"fi","@id":"https:\/\/kesset.com\/?page_id=70#primaryimage","url":"https:\/\/kesset.com\/wp-content\/uploads\/2020\/03\/006.jpg","contentUrl":"https:\/\/kesset.com\/wp-content\/uploads\/2020\/03\/006.jpg","width":530,"height":286},{"@type":"BreadcrumbList","@id":"https:\/\/kesset.com\/?page_id=70#breadcrumb","itemListElement":[{"@type":"ListItem","position":1,"name":"Home","item":"https:\/\/kesset.com\/"},{"@type":"ListItem","position":2,"name":"Historia"}]},{"@type":"WebSite","@id":"https:\/\/kesset.com\/#website","url":"https:\/\/kesset.com\/","name":"Keski-Suomen Salibandyerotuomarit ry","description":"Erotuomaritoimintaa Suomessa ja ulkomailla","potentialAction":[{"@type":"SearchAction","target":{"@type":"EntryPoint","urlTemplate":"https:\/\/kesset.com\/?s={search_term_string}"},"query-input":{"@type":"PropertyValueSpecification","valueRequired":true,"valueName":"search_term_string"}}],"inLanguage":"fi"}]}},"_links":{"self":[{"href":"https:\/\/kesset.com\/index.php?rest_route=\/wp\/v2\/pages\/70","targetHints":{"allow":["GET"]}}],"collection":[{"href":"https:\/\/kesset.com\/index.php?rest_route=\/wp\/v2\/pages"}],"about":[{"href":"https:\/\/kesset.com\/index.php?rest_route=\/wp\/v2\/types\/page"}],"author":[{"embeddable":true,"href":"https:\/\/kesset.com\/index.php?rest_route=\/wp\/v2\/users\/2"}],"replies":[{"embeddable":true,"href":"https:\/\/kesset.com\/index.php?rest_route=%2Fwp%2Fv2%2Fcomments&post=70"}],"version-history":[{"count":4,"href":"https:\/\/kesset.com\/index.php?rest_route=\/wp\/v2\/pages\/70\/revisions"}],"predecessor-version":[{"id":76,"href":"https:\/\/kesset.com\/index.php?rest_route=\/wp\/v2\/pages\/70\/revisions\/76"}],"wp:attachment":[{"href":"https:\/\/kesset.com\/index.php?rest_route=%2Fwp%2Fv2%2Fmedia&parent=70"}],"curies":[{"name":"wp","href":"https:\/\/api.w.org\/{rel}","templated":true}]}}