{"id":40,"date":"2020-03-02T12:42:27","date_gmt":"2020-03-02T12:42:27","guid":{"rendered":"https:\/\/kesset.com\/?page_id=40"},"modified":"2020-05-18T20:21:18","modified_gmt":"2020-05-18T20:21:18","slug":"tilaa-tuomari","status":"publish","type":"page","link":"https:\/\/kesset.com\/?page_id=40","title":{"rendered":"Tilaa tuomari"},"content":{"rendered":"\n<figure class=\"wp-block-image size-large\"><img loading=\"lazy\" decoding=\"async\" width=\"520\" height=\"257\" src=\"https:\/\/kesset.com\/wp-content\/uploads\/2020\/03\/005.jpg\" alt=\"\" class=\"wp-image-43\" srcset=\"https:\/\/kesset.com\/wp-content\/uploads\/2020\/03\/005.jpg 520w, https:\/\/kesset.com\/wp-content\/uploads\/2020\/03\/005-300x148.jpg 300w\" sizes=\"auto, (max-width: 520px) 100vw, 520px\" \/><\/figure>\n\n\n\n<p>YKSITT\u00c4ISTEN harjoitus-ja yst\u00e4vyysotteluiden erotuomarikorvaukset 30.10.2019.<br>Kaikki ottelut pyrit\u00e4\u00e4n tuomaroimaan kahdella tuomarilla tuomareiden turvallisuuden vuoksi. Pienten junioreiden (C-juniorit ja nuoremmat, sek\u00e4 joitakin M IV-V-div.) ottelut voidaan tuomita yhdell\u00e4 tuomarilla. Hinnat ovat yhdelle tuomarille.<\/p>\n\n\n\n<p>Matkakulut Jyv\u00e4skyl\u00e4n alueella julkisten mukaan. Keskustan alue <br> (A- vy\u00f6hyke 2*3.-= 6.-\u20ac). Alueita A-D. Hinnat Jyv\u00e4skyl\u00e4n Liikenteen sivuilta.<br> Alueen ulkopuolella pelattavasta ottelusta tai alueen ulkopuolelta tulevalle <br> tuomarille maksetaan kilometrikorvaus (0.38 \u20ac\/km + 0.03 \u20ac\/et).<\/p>\n\n\n\n<p> HARJOITUS turnaukset k\u00e4sitell\u00e4\u00e4n tapauskohtaisesti.  <\/p>\n\n\n\n<figure class=\"wp-block-table\"><table class=\"\"><tbody><tr><td><strong>Sarja<\/strong><\/td><td><strong>Peliaika \/* min<\/strong><\/td><td><strong>Palkkio\/tuomari<\/strong><\/td><\/tr><tr><td>M Liiga<\/td><td>3 x 20 tehokasta<\/td><td>100,-<\/td><\/tr><tr><td>M I-div, PASM,PA I-div<\/td><td> 3 x 20 tehokasta <\/td><td>70,-<\/td><\/tr><tr><td>M II-div, A-jun<\/td><td> 3 x 20 tehokasta <\/td><td>50,-<\/td><\/tr><tr><td>M III-div, B-jun<\/td><td>3*20 juokseva<\/td><td>40,-<\/td><\/tr><tr><td>N Liiga<\/td><td>3 x 20 tehokasta<\/td><td>50,-<\/td><\/tr><tr><td> Muu sarjataso <\/td><td>3 x 20 juokseva<\/td><td>40,-<\/td><\/tr><tr><td>Muu sarjataso<\/td><td>3 x 20  juokseva <\/td><td>30,-<\/td><\/tr><tr><td>Muu sarjataso juokseva<\/td><td>2 x 15 tai 2*10<\/td><td>30,-<\/td><\/tr><\/tbody><\/table><\/figure>\n\n\n\n<p>Mik\u00e4li ottelu p\u00e4\u00e4ttyy klo 22.00 j\u00e4lkeen, niin lis\u00e4ys 5 \u20ac\/erotuomari.<br>Kaikki ottelut sovitaan asettelijan kanssa, Pekka Meskanen, ja tilataan alla olevalla <br>\u201dTilaa tuomari\u201d lomakkeella. Asettelija vahvistaa tilauksen kun tuomari on varmistunut. Tilaus on teht\u00e4v\u00e4 3 vrk ennen ottelua, muutoin lis\u00e4ys 5 \u20ac\/erotuomari. Palkkio  <br>m\u00e4\u00e4r\u00e4ytyy korkeammalla sarjatasolla pelaavan joukkueen mukaan.<\/p>\n\n\n\n<p>Tiedustelut ja turnaukset pekka.meskanen@kesset.com 0500 400357<br> Molempien joukkueiden on ennen ottelua toimitettava pelaajaluettelo<br> erotuomarille\/toimitsijalle. Vain KeSSet ry j\u00e4senill\u00e4 oikeus palkkioihin.<br> Kaikissa harjoitusotteluissa ja \u2013 turnauksissa noudatetaan SSBL:n s\u00e4\u00e4nt\u00f6j\u00e4<\/p>\n\n\n\n<p>KeSSet ry\u00a0\u00a0\u00a0\u00a0\u00a0\u00a0\u00a0\u00a0\u00a0\u00a0\u00a0\u00a0\u00a0\u00a0\u00a0\u00a0\u00a0\u00a0\u00a0\u00a0\u00a0\u00a0\u00a0\u00a0\u00a0\u00a0\u00a0\u00a0\u00a0\u00a0\u00a0\u00a0\u00a0\u00a0\u00a0\u00a0\u00a0\u00a0\u00a0\u00a0\u00a0\u00a0\u00a0\u00a0\u00a0\u00a0\u00a0\u00a0\u00a0\u00a0\u00a0\u00a0\u00a0\u00a0\u00a0\u00a0\u00a0\u00a0\u00a0\u00a0\u00a0\u00a0\u00a0\u00a0\u00a0\u00a0\u00a0\u00a0\u00a0\u00a0\u00a0\u00a0\u00a0\u00a0\u00a0\u00a0\u00a0\u00a0\u00a0\u00a0\u00a0\u00a0\u00a0\u00a0\u00a0\u00a0\u00a0\u00a0\u00a0\u00a0\u00a0\u00a0\u00a0\u00a0\u00a0\u00a0\u00a0\u00a0\u00a0\u00a0\u00a0\u00a0\u00a0\u00a0\u00a0\u00a0\u00a0\u00a0\u00a0\u00a0\u00a0\u00a0\u00a0\u00a0\u00a0\u00a0\u00a0 \u00a0\u00a0\u00a0\u00a0\u00a0\u00a0\u00a0\u00a0\u00a0\u00a0\u00a0\u00a0\u00a0\u00a0\u00a0\u00a0\u00a0\u00a0\u00a0\u00a0\u00a0\u00a0\u00a0\u00a0\u00a0\u00a0\u00a0\u00a0\u00a0\u00a0\u00a0\u00a0\u00a0\u00a0\u00a0\u00a0\u00a0\u00a0\u00a0\u00a0\u00a0\u00a0 Jyv\u00e4skyl\u00e4ss\u00e4 30.10.2019<\/p>\n\n\n\n<p>Johtokunta<\/p>\n\n\n\n\n<div class=\"wpcf7 no-js\" id=\"wpcf7-f4-o1\" lang=\"fi\" dir=\"ltr\" data-wpcf7-id=\"4\">\n<div class=\"screen-reader-response\"><p role=\"status\" aria-live=\"polite\" aria-atomic=\"true\"><\/p> <ul><\/ul><\/div>\n<form action=\"\/index.php?rest_route=%2Fwp%2Fv2%2Fpages%2F40#wpcf7-f4-o1\" method=\"post\" class=\"wpcf7-form init\" aria-label=\"Yhteydenottolomake\" novalidate=\"novalidate\" data-status=\"init\">\n<fieldset class=\"hidden-fields-container\"><input type=\"hidden\" name=\"_wpcf7\" value=\"4\" \/><input type=\"hidden\" name=\"_wpcf7_version\" value=\"6.1.6\" \/><input type=\"hidden\" name=\"_wpcf7_locale\" value=\"fi\" \/><input type=\"hidden\" name=\"_wpcf7_unit_tag\" value=\"wpcf7-f4-o1\" \/><input type=\"hidden\" name=\"_wpcf7_container_post\" value=\"0\" \/><input type=\"hidden\" name=\"_wpcf7_posted_data_hash\" value=\"\" \/>\n<\/fieldset>\n<p><label> Tilaajan nimi \/ joukkue (required)<br \/>\n<span class=\"wpcf7-form-control-wrap\" data-name=\"your-name\"><input size=\"40\" maxlength=\"400\" class=\"wpcf7-form-control wpcf7-text wpcf7-validates-as-required\" aria-required=\"true\" aria-invalid=\"false\" value=\"\" type=\"text\" name=\"your-name\" \/><\/span> <\/label>\n<\/p>\n<p><label> Tilaajan s\u00e4hk\u00f6postiosoite (required)<br \/>\n<span class=\"wpcf7-form-control-wrap\" data-name=\"your-email\"><input size=\"40\" maxlength=\"400\" class=\"wpcf7-form-control wpcf7-email wpcf7-validates-as-required wpcf7-text wpcf7-validates-as-email\" aria-required=\"true\" aria-invalid=\"false\" value=\"\" type=\"email\" name=\"your-email\" \/><\/span> <\/label>\n<\/p>\n<p><label> Aihe<br \/>\n<span class=\"wpcf7-form-control-wrap\" data-name=\"your-subject\"><input size=\"40\" maxlength=\"400\" class=\"wpcf7-form-control wpcf7-text\" aria-invalid=\"false\" value=\"\" type=\"text\" name=\"your-subject\" \/><\/span> <\/label>\n<\/p>\n<p><label> Pelip\u00e4iv\u00e4<br \/>\n<span class=\"wpcf7-form-control-wrap\" data-name=\"date-64\"><input class=\"wpcf7-form-control wpcf7-date wpcf7-validates-as-required wpcf7-validates-as-date\" aria-required=\"true\" aria-invalid=\"false\" value=\"\" type=\"date\" name=\"date-64\" \/><\/span> <\/label>\n<\/p>\n<p><label> Alkamisaika<br \/>\n<span class=\"wpcf7-form-control-wrap\" data-name=\"text-551\"><input size=\"40\" maxlength=\"400\" class=\"wpcf7-form-control wpcf7-text wpcf7-validates-as-required\" aria-required=\"true\" aria-invalid=\"false\" value=\"\" type=\"text\" name=\"text-551\" \/><\/span> <\/label>\n<\/p>\n<p><label> Sarjataso \/ ik\u00e4luokka<br \/>\n<span class=\"wpcf7-form-control-wrap\" data-name=\"menu-536\"><select class=\"wpcf7-form-control wpcf7-select wpcf7-validates-as-required\" aria-required=\"true\" aria-invalid=\"false\" name=\"menu-536\"><option value=\"M-liiga &amp; M1Divari\">M-liiga &amp; M1Divari<\/option><option value=\"N-liiga &amp; M2Divari\">N-liiga &amp; M2Divari<\/option><option value=\"PASM &amp; A1Divari\">PASM &amp; A1Divari<\/option><option value=\"Muut 3*20 min\">Muut 3*20 min<\/option><option value=\"Muut 3*15 min\">Muut 3*15 min<\/option><\/select><\/span> <\/label>\n<\/p>\n<p>Maksajan tiedot:<br \/>\n<label> Nimi \/ seura:<br \/>\n<span class=\"wpcf7-form-control-wrap\" data-name=\"text-maksaja\"><input size=\"40\" maxlength=\"400\" class=\"wpcf7-form-control wpcf7-text wpcf7-validates-as-required\" aria-required=\"true\" aria-invalid=\"false\" value=\"\" type=\"text\" name=\"text-maksaja\" \/><\/span> <\/label>\n<\/p>\n<p><label> S\u00e4hk\u00f6postiosoite:<br \/>\n<span class=\"wpcf7-form-control-wrap\" data-name=\"email-387\"><input size=\"40\" maxlength=\"400\" class=\"wpcf7-form-control wpcf7-email wpcf7-validates-as-required wpcf7-text wpcf7-validates-as-email\" aria-required=\"true\" aria-invalid=\"false\" value=\"\" type=\"email\" name=\"email-387\" \/><\/span> <\/label>\n<\/p>\n<p><label> Muuta viestitt\u00e4v\u00e4\u00e4:<br \/>\n<span class=\"wpcf7-form-control-wrap\" data-name=\"your-message\"><textarea cols=\"40\" rows=\"10\" maxlength=\"2000\" class=\"wpcf7-form-control wpcf7-textarea\" aria-invalid=\"false\" name=\"your-message\"><\/textarea><\/span> <\/label>\n<\/p>\n<p><input class=\"wpcf7-form-control wpcf7-submit has-spinner\" type=\"submit\" value=\"Send\" \/>\n<\/p><div class=\"wpcf7-response-output\" aria-hidden=\"true\"><\/div>\n<\/form>\n<\/div>\n\n","protected":false},"excerpt":{"rendered":"<p>YKSITT\u00c4ISTEN harjoitus-ja yst\u00e4vyysotteluiden erotuomarikorvaukset 30.10.2019.Kaikki ottelut pyrit\u00e4\u00e4n tuomaroimaan kahdella tuomarilla tuomareiden turvallisuuden vuoksi. Pienten junioreiden (C-juniorit ja nuoremmat, sek\u00e4 joitakin M IV-V-div.) ottelut voidaan tuomita yhdell\u00e4 tuomarilla. Hinnat ovat yhdelle tuomarille. Matkakulut Jyv\u00e4skyl\u00e4n alueella julkisten mukaan. Keskustan alue (A- vy\u00f6hyke &hellip; <a href=\"https:\/\/kesset.com\/?page_id=40\">Lue loppuun <span class=\"meta-nav\">&rarr;<\/span><\/a><\/p>\n","protected":false},"author":1,"featured_media":0,"parent":0,"menu_order":0,"comment_status":"closed","ping_status":"closed","template":"","meta":{"footnotes":""},"class_list":["post-40","page","type-page","status-publish","hentry"],"yoast_head":"<!-- This site is optimized with the Yoast SEO plugin v27.6 - https:\/\/yoast.com\/product\/yoast-seo-wordpress\/ -->\n<title>Tilaa tuomari - Keski-Suomen Salibandyerotuomarit ry<\/title>\n<meta name=\"robots\" content=\"index, follow, max-snippet:-1, max-image-preview:large, max-video-preview:-1\" \/>\n<link rel=\"canonical\" href=\"https:\/\/kesset.com\/?page_id=40\" \/>\n<meta property=\"og:locale\" content=\"fi_FI\" \/>\n<meta property=\"og:type\" content=\"article\" \/>\n<meta property=\"og:title\" content=\"Tilaa tuomari - Keski-Suomen Salibandyerotuomarit ry\" \/>\n<meta property=\"og:description\" content=\"YKSITT\u00c4ISTEN harjoitus-ja yst\u00e4vyysotteluiden erotuomarikorvaukset 30.10.2019.Kaikki ottelut pyrit\u00e4\u00e4n tuomaroimaan kahdella tuomarilla tuomareiden turvallisuuden vuoksi. Pienten junioreiden (C-juniorit ja nuoremmat, sek\u00e4 joitakin M IV-V-div.) ottelut voidaan tuomita yhdell\u00e4 tuomarilla. Hinnat ovat yhdelle tuomarille. Matkakulut Jyv\u00e4skyl\u00e4n alueella julkisten mukaan. Keskustan alue (A- vy\u00f6hyke &hellip; Lue loppuun &rarr;\" \/>\n<meta property=\"og:url\" content=\"https:\/\/kesset.com\/?page_id=40\" \/>\n<meta property=\"og:site_name\" content=\"Keski-Suomen Salibandyerotuomarit ry\" \/>\n<meta property=\"article:modified_time\" content=\"2020-05-18T20:21:18+00:00\" \/>\n<meta property=\"og:image\" content=\"https:\/\/kesset.com\/wp-content\/uploads\/2020\/03\/005.jpg\" \/>\n<meta name=\"twitter:card\" content=\"summary_large_image\" \/>\n<meta name=\"twitter:label1\" content=\"Arvioitu lukuaika\" \/>\n\t<meta name=\"twitter:data1\" content=\"1 minuutti\" \/>\n<script type=\"application\/ld+json\" class=\"yoast-schema-graph\">{\"@context\":\"https:\\\/\\\/schema.org\",\"@graph\":[{\"@type\":\"WebPage\",\"@id\":\"https:\\\/\\\/kesset.com\\\/?page_id=40\",\"url\":\"https:\\\/\\\/kesset.com\\\/?page_id=40\",\"name\":\"Tilaa tuomari - Keski-Suomen Salibandyerotuomarit ry\",\"isPartOf\":{\"@id\":\"https:\\\/\\\/kesset.com\\\/#website\"},\"primaryImageOfPage\":{\"@id\":\"https:\\\/\\\/kesset.com\\\/?page_id=40#primaryimage\"},\"image\":{\"@id\":\"https:\\\/\\\/kesset.com\\\/?page_id=40#primaryimage\"},\"thumbnailUrl\":\"https:\\\/\\\/kesset.com\\\/wp-content\\\/uploads\\\/2020\\\/03\\\/005.jpg\",\"datePublished\":\"2020-03-02T12:42:27+00:00\",\"dateModified\":\"2020-05-18T20:21:18+00:00\",\"breadcrumb\":{\"@id\":\"https:\\\/\\\/kesset.com\\\/?page_id=40#breadcrumb\"},\"inLanguage\":\"fi\",\"potentialAction\":[{\"@type\":\"ReadAction\",\"target\":[\"https:\\\/\\\/kesset.com\\\/?page_id=40\"]}]},{\"@type\":\"ImageObject\",\"inLanguage\":\"fi\",\"@id\":\"https:\\\/\\\/kesset.com\\\/?page_id=40#primaryimage\",\"url\":\"https:\\\/\\\/kesset.com\\\/wp-content\\\/uploads\\\/2020\\\/03\\\/005.jpg\",\"contentUrl\":\"https:\\\/\\\/kesset.com\\\/wp-content\\\/uploads\\\/2020\\\/03\\\/005.jpg\",\"width\":520,\"height\":257},{\"@type\":\"BreadcrumbList\",\"@id\":\"https:\\\/\\\/kesset.com\\\/?page_id=40#breadcrumb\",\"itemListElement\":[{\"@type\":\"ListItem\",\"position\":1,\"name\":\"Home\",\"item\":\"https:\\\/\\\/kesset.com\\\/\"},{\"@type\":\"ListItem\",\"position\":2,\"name\":\"Tilaa tuomari\"}]},{\"@type\":\"WebSite\",\"@id\":\"https:\\\/\\\/kesset.com\\\/#website\",\"url\":\"https:\\\/\\\/kesset.com\\\/\",\"name\":\"Keski-Suomen Salibandyerotuomarit ry\",\"description\":\"Erotuomaritoimintaa Suomessa ja ulkomailla\",\"potentialAction\":[{\"@type\":\"SearchAction\",\"target\":{\"@type\":\"EntryPoint\",\"urlTemplate\":\"https:\\\/\\\/kesset.com\\\/?s={search_term_string}\"},\"query-input\":{\"@type\":\"PropertyValueSpecification\",\"valueRequired\":true,\"valueName\":\"search_term_string\"}}],\"inLanguage\":\"fi\"}]}<\/script>\n<!-- \/ Yoast SEO plugin. -->","yoast_head_json":{"title":"Tilaa tuomari - Keski-Suomen Salibandyerotuomarit ry","robots":{"index":"index","follow":"follow","max-snippet":"max-snippet:-1","max-image-preview":"max-image-preview:large","max-video-preview":"max-video-preview:-1"},"canonical":"https:\/\/kesset.com\/?page_id=40","og_locale":"fi_FI","og_type":"article","og_title":"Tilaa tuomari - Keski-Suomen Salibandyerotuomarit ry","og_description":"YKSITT\u00c4ISTEN harjoitus-ja yst\u00e4vyysotteluiden erotuomarikorvaukset 30.10.2019.Kaikki ottelut pyrit\u00e4\u00e4n tuomaroimaan kahdella tuomarilla tuomareiden turvallisuuden vuoksi. Pienten junioreiden (C-juniorit ja nuoremmat, sek\u00e4 joitakin M IV-V-div.) ottelut voidaan tuomita yhdell\u00e4 tuomarilla. Hinnat ovat yhdelle tuomarille. Matkakulut Jyv\u00e4skyl\u00e4n alueella julkisten mukaan. Keskustan alue (A- vy\u00f6hyke &hellip; Lue loppuun &rarr;","og_url":"https:\/\/kesset.com\/?page_id=40","og_site_name":"Keski-Suomen Salibandyerotuomarit ry","article_modified_time":"2020-05-18T20:21:18+00:00","og_image":[{"url":"https:\/\/kesset.com\/wp-content\/uploads\/2020\/03\/005.jpg","type":"","width":"","height":""}],"twitter_card":"summary_large_image","twitter_misc":{"Arvioitu lukuaika":"1 minuutti"},"schema":{"@context":"https:\/\/schema.org","@graph":[{"@type":"WebPage","@id":"https:\/\/kesset.com\/?page_id=40","url":"https:\/\/kesset.com\/?page_id=40","name":"Tilaa tuomari - Keski-Suomen Salibandyerotuomarit ry","isPartOf":{"@id":"https:\/\/kesset.com\/#website"},"primaryImageOfPage":{"@id":"https:\/\/kesset.com\/?page_id=40#primaryimage"},"image":{"@id":"https:\/\/kesset.com\/?page_id=40#primaryimage"},"thumbnailUrl":"https:\/\/kesset.com\/wp-content\/uploads\/2020\/03\/005.jpg","datePublished":"2020-03-02T12:42:27+00:00","dateModified":"2020-05-18T20:21:18+00:00","breadcrumb":{"@id":"https:\/\/kesset.com\/?page_id=40#breadcrumb"},"inLanguage":"fi","potentialAction":[{"@type":"ReadAction","target":["https:\/\/kesset.com\/?page_id=40"]}]},{"@type":"ImageObject","inLanguage":"fi","@id":"https:\/\/kesset.com\/?page_id=40#primaryimage","url":"https:\/\/kesset.com\/wp-content\/uploads\/2020\/03\/005.jpg","contentUrl":"https:\/\/kesset.com\/wp-content\/uploads\/2020\/03\/005.jpg","width":520,"height":257},{"@type":"BreadcrumbList","@id":"https:\/\/kesset.com\/?page_id=40#breadcrumb","itemListElement":[{"@type":"ListItem","position":1,"name":"Home","item":"https:\/\/kesset.com\/"},{"@type":"ListItem","position":2,"name":"Tilaa tuomari"}]},{"@type":"WebSite","@id":"https:\/\/kesset.com\/#website","url":"https:\/\/kesset.com\/","name":"Keski-Suomen Salibandyerotuomarit ry","description":"Erotuomaritoimintaa Suomessa ja ulkomailla","potentialAction":[{"@type":"SearchAction","target":{"@type":"EntryPoint","urlTemplate":"https:\/\/kesset.com\/?s={search_term_string}"},"query-input":{"@type":"PropertyValueSpecification","valueRequired":true,"valueName":"search_term_string"}}],"inLanguage":"fi"}]}},"_links":{"self":[{"href":"https:\/\/kesset.com\/index.php?rest_route=\/wp\/v2\/pages\/40","targetHints":{"allow":["GET"]}}],"collection":[{"href":"https:\/\/kesset.com\/index.php?rest_route=\/wp\/v2\/pages"}],"about":[{"href":"https:\/\/kesset.com\/index.php?rest_route=\/wp\/v2\/types\/page"}],"author":[{"embeddable":true,"href":"https:\/\/kesset.com\/index.php?rest_route=\/wp\/v2\/users\/1"}],"replies":[{"embeddable":true,"href":"https:\/\/kesset.com\/index.php?rest_route=%2Fwp%2Fv2%2Fcomments&post=40"}],"version-history":[{"count":6,"href":"https:\/\/kesset.com\/index.php?rest_route=\/wp\/v2\/pages\/40\/revisions"}],"predecessor-version":[{"id":143,"href":"https:\/\/kesset.com\/index.php?rest_route=\/wp\/v2\/pages\/40\/revisions\/143"}],"wp:attachment":[{"href":"https:\/\/kesset.com\/index.php?rest_route=%2Fwp%2Fv2%2Fmedia&parent=40"}],"curies":[{"name":"wp","href":"https:\/\/api.w.org\/{rel}","templated":true}]}}